{"id":14,"date":"2012-10-10T22:09:18","date_gmt":"2012-10-10T20:09:18","guid":{"rendered":"http:\/\/www.zahnarzt-zeller.de\/?page_id=14"},"modified":"2023-06-29T22:28:51","modified_gmt":"2023-06-29T20:28:51","slug":"willkommen","status":"publish","type":"page","link":"https:\/\/www.zahnarzt-zeller.de\/","title":{"rendered":"Willkommen"},"content":{"rendered":"<div id=\"text_links_klein\">Unsere Patienten und ihre Zahngesundheit stehen im Mittelpunkt unserer t\u00e4glichen Arbeit.<br \/>\n<!-- br--><br \/>\nBesonders am Herzen liegen uns eine schmerzarme Behandlung in einer entspannten Atmosph\u00e4re.<\/p>\n<p>Zu unserem Behandlungsspektrum geh\u00f6ren sowohl hochwertige Implantat -und Keramikversorgung unter Nutzung modernster Technik (z.B. Intraoralscanner), als auch funktional &#8211; wirtschaftliche L\u00f6sungen.<\/p>\n<p>Wir freuen uns auf ihren Besuch.<\/p>\n<\/div>\n<div id=\"text_rechts_gross\"><img decoding=\"async\" src=\"wp-content\/uploads\/2020\/11\/Willkommen_NOV2020.jpg\" alt=\"Willkommen\" height=\"440px\"><\/div>\n","protected":false},"excerpt":{"rendered":"<p>Unsere Patienten und ihre Zahngesundheit stehen im Mittelpunkt unserer t\u00e4glichen Arbeit. Besonders am Herzen liegen uns eine schmerzarme Behandlung in einer entspannten Atmosph\u00e4re. Zu unserem Behandlungsspektrum geh\u00f6ren sowohl hochwertige Implantat -und Keramikversorgung unter Nutzung modernster Technik (z.B. Intraoralscanner), als auch &hellip; <a href=\"https:\/\/www.zahnarzt-zeller.de\/\">Weiterlesen <span class=\"meta-nav\">&rarr;<\/span><\/a><\/p>\n","protected":false},"author":1,"featured_media":0,"parent":0,"menu_order":1,"comment_status":"closed","ping_status":"open","template":"","meta":[],"_links":{"self":[{"href":"https:\/\/www.zahnarzt-zeller.de\/index.php?rest_route=\/wp\/v2\/pages\/14"}],"collection":[{"href":"https:\/\/www.zahnarzt-zeller.de\/index.php?rest_route=\/wp\/v2\/pages"}],"about":[{"href":"https:\/\/www.zahnarzt-zeller.de\/index.php?rest_route=\/wp\/v2\/types\/page"}],"author":[{"embeddable":true,"href":"https:\/\/www.zahnarzt-zeller.de\/index.php?rest_route=\/wp\/v2\/users\/1"}],"replies":[{"embeddable":true,"href":"https:\/\/www.zahnarzt-zeller.de\/index.php?rest_route=%2Fwp%2Fv2%2Fcomments&post=14"}],"version-history":[{"count":28,"href":"https:\/\/www.zahnarzt-zeller.de\/index.php?rest_route=\/wp\/v2\/pages\/14\/revisions"}],"predecessor-version":[{"id":1014,"href":"https:\/\/www.zahnarzt-zeller.de\/index.php?rest_route=\/wp\/v2\/pages\/14\/revisions\/1014"}],"wp:attachment":[{"href":"https:\/\/www.zahnarzt-zeller.de\/index.php?rest_route=%2Fwp%2Fv2%2Fmedia&parent=14"}],"curies":[{"name":"wp","href":"https:\/\/api.w.org\/{rel}","templated":true}]}}