{"id":16,"date":"2012-10-10T22:10:26","date_gmt":"2012-10-10T20:10:26","guid":{"rendered":"http:\/\/www.zahnarzt-zeller.de\/?page_id=16"},"modified":"2026-01-07T22:25:46","modified_gmt":"2026-01-07T20:25:46","slug":"team","status":"publish","type":"page","link":"https:\/\/www.zahnarzt-zeller.de\/?page_id=16","title":{"rendered":"Team"},"content":{"rendered":"<div style=\"height: 730px;\">\n<div id=\"text_links\"><img decoding=\"async\" src=\"wp-content\/uploads\/2022\/07\/Conny_thumb.jpg\" alt=\"Cornelia Zeller\"><br \/>\n<strong>Dipl.-Stom. Cornelia Zeller<\/strong><\/p>\n<p>1983\/85 Studium der Zahnmedizin (Vorklinik)<br \/>\nMartin-Luther Universit\u00e4t Halle (Saale),<\/p>\n<p>1985\/88 Studium der Zahnmedizin (Klinik)<br \/>\nKarl-Marx-Universit\u00e4t Leipzig,<\/p>\n<p>1988 Approbation als Zahn\u00e4rztin,<\/p>\n<p>1988\/91 Assistenz-Zahn\u00e4rztin Poliklinik West,<\/p>\n<p>1991 Praxisgr\u00fcndung (Prie\u00dfnitzstr. 27 , 04179 Lpz),<\/p>\n<p>1999 Umzug Zahnarztpraxis am Diakonissenhaus<\/p>\n<\/div>\n<\/div>\n<div id=\"text_rechts1\"><img decoding=\"async\" src=\"wp-content\/uploads\/2022\/07\/Astrid_thumb.jpg\" alt=\"Astrid\"><\/p>\n<p><img decoding=\"async\" src=\"wp-content\/uploads\/2026\/01\/Alina_thumb.jpg\" alt=\"Alina\"><\/p>\n<p><img decoding=\"async\" src=\"wp-content\/uploads\/2026\/01\/Sara_thumb.jpg\" alt=\"Sara\"><\/p>\n<\/div>\n<div id=\"text_rechts2\"><strong>Astrid<\/strong><br \/>\nZahnmedizinisch Fachangestellte <!-- br--><!-- br--><br \/>\n<!-- br--><br \/>\n<!-- br--><br \/>\n<!-- br--><br \/>\n<!-- br--><br \/>\n<!-- br--><br \/>\n<!-- br--><\/p>\n<p><!-- br--><br \/>\n<!-- br--><br \/>\n<!-- br--><br \/>\n<!-- br--><br \/>\n<strong>Alina<\/strong><br \/>\nZahnmedizinisch Fachangestellte <!-- br--><br \/>\n<!-- br--><br \/>\n<!-- br--><br \/>\n<!-- br--><br \/>\n<!-- br--><br \/>\n<!-- br--><br \/>\n<!-- br--><br \/>\n<!-- br--><br \/>\n<!-- br--><br \/>\n<!-- br--><br \/>\n<!-- br--><br \/>\n<!-- br--><br \/>\n<strong>Sara<\/strong><br \/>\nZahnmedizinisch Fachangestellte<br \/>\nZahnmedizinische Prophylaxeassistentin<!-- br--><\/p>\n<\/div>\n","protected":false},"excerpt":{"rendered":"<p>Dipl.-Stom. Cornelia Zeller 1983\/85 Studium der Zahnmedizin (Vorklinik) Martin-Luther Universit\u00e4t Halle (Saale), 1985\/88 Studium der Zahnmedizin (Klinik) Karl-Marx-Universit\u00e4t Leipzig, 1988 Approbation als Zahn\u00e4rztin, 1988\/91 Assistenz-Zahn\u00e4rztin Poliklinik West, 1991 Praxisgr\u00fcndung (Prie\u00dfnitzstr. 27 , 04179 Lpz), 1999 Umzug Zahnarztpraxis am Diakonissenhaus Astrid &hellip; <a href=\"https:\/\/www.zahnarzt-zeller.de\/?page_id=16\">Weiterlesen <span class=\"meta-nav\">&rarr;<\/span><\/a><\/p>\n","protected":false},"author":1,"featured_media":0,"parent":0,"menu_order":4,"comment_status":"closed","ping_status":"open","template":"","meta":[],"_links":{"self":[{"href":"https:\/\/www.zahnarzt-zeller.de\/index.php?rest_route=\/wp\/v2\/pages\/16"}],"collection":[{"href":"https:\/\/www.zahnarzt-zeller.de\/index.php?rest_route=\/wp\/v2\/pages"}],"about":[{"href":"https:\/\/www.zahnarzt-zeller.de\/index.php?rest_route=\/wp\/v2\/types\/page"}],"author":[{"embeddable":true,"href":"https:\/\/www.zahnarzt-zeller.de\/index.php?rest_route=\/wp\/v2\/users\/1"}],"replies":[{"embeddable":true,"href":"https:\/\/www.zahnarzt-zeller.de\/index.php?rest_route=%2Fwp%2Fv2%2Fcomments&post=16"}],"version-history":[{"count":136,"href":"https:\/\/www.zahnarzt-zeller.de\/index.php?rest_route=\/wp\/v2\/pages\/16\/revisions"}],"predecessor-version":[{"id":1422,"href":"https:\/\/www.zahnarzt-zeller.de\/index.php?rest_route=\/wp\/v2\/pages\/16\/revisions\/1422"}],"wp:attachment":[{"href":"https:\/\/www.zahnarzt-zeller.de\/index.php?rest_route=%2Fwp%2Fv2%2Fmedia&parent=16"}],"curies":[{"name":"wp","href":"https:\/\/api.w.org\/{rel}","templated":true}]}}