{"id":18,"date":"2012-10-10T22:11:13","date_gmt":"2012-10-10T20:11:13","guid":{"rendered":"http:\/\/www.zahnarzt-zeller.de\/?page_id=18"},"modified":"2019-11-09T22:33:19","modified_gmt":"2019-11-09T20:33:19","slug":"leistungen","status":"publish","type":"page","link":"https:\/\/www.zahnarzt-zeller.de\/?page_id=18","title":{"rendered":"Leistungen"},"content":{"rendered":"<div style=\"height: 380px;\">\n<div id=\"text_links\"><strong>Unsere Leistungen im \u00dcberblick<\/strong><\/p>\n<ul>\n<li>Amalgamsanierung<\/li>\n<li>\u00e4sthetische Zahnmedizin<\/li>\n<li>Bleaching<\/li>\n<li>Endodontie<\/li>\n<li>Funktionsdiagnostik<\/li>\n<li>Implantat Suprakonstruktion<\/li>\n<li>Panoramar\u00f6ntgen<\/li>\n<li>professionelle Zahnreinigung<\/li>\n<li>Prophylaxe<\/li>\n<li>Prothesenreinigung<\/li>\n<li>Versiegelung<\/li>\n<li>Vollkeramik<\/li>\n<li>Zahnr\u00f6ntgen<\/li>\n<li>Intraoralscann<\/li>\n<\/ul>\n<\/div>\n<\/div>\n<div id=\"text_rechts\"><img decoding=\"async\" src=\"wp-content\/themes\/twentyten\/images\/praxiszeller-024.jpg\" alt=\"praxiszeller-024\"><\/div>\n","protected":false},"excerpt":{"rendered":"<p>Unsere Leistungen im \u00dcberblick Amalgamsanierung \u00e4sthetische Zahnmedizin Bleaching Endodontie Funktionsdiagnostik Implantat Suprakonstruktion Panoramar\u00f6ntgen professionelle Zahnreinigung Prophylaxe Prothesenreinigung Versiegelung Vollkeramik Zahnr\u00f6ntgen Intraoralscann<\/p>\n","protected":false},"author":1,"featured_media":0,"parent":0,"menu_order":5,"comment_status":"closed","ping_status":"open","template":"","meta":[],"_links":{"self":[{"href":"https:\/\/www.zahnarzt-zeller.de\/index.php?rest_route=\/wp\/v2\/pages\/18"}],"collection":[{"href":"https:\/\/www.zahnarzt-zeller.de\/index.php?rest_route=\/wp\/v2\/pages"}],"about":[{"href":"https:\/\/www.zahnarzt-zeller.de\/index.php?rest_route=\/wp\/v2\/types\/page"}],"author":[{"embeddable":true,"href":"https:\/\/www.zahnarzt-zeller.de\/index.php?rest_route=\/wp\/v2\/users\/1"}],"replies":[{"embeddable":true,"href":"https:\/\/www.zahnarzt-zeller.de\/index.php?rest_route=%2Fwp%2Fv2%2Fcomments&post=18"}],"version-history":[{"count":3,"href":"https:\/\/www.zahnarzt-zeller.de\/index.php?rest_route=\/wp\/v2\/pages\/18\/revisions"}],"predecessor-version":[{"id":811,"href":"https:\/\/www.zahnarzt-zeller.de\/index.php?rest_route=\/wp\/v2\/pages\/18\/revisions\/811"}],"wp:attachment":[{"href":"https:\/\/www.zahnarzt-zeller.de\/index.php?rest_route=%2Fwp%2Fv2%2Fmedia&parent=18"}],"curies":[{"name":"wp","href":"https:\/\/api.w.org\/{rel}","templated":true}]}}