{"id":22,"date":"2012-10-10T22:13:06","date_gmt":"2012-10-10T20:13:06","guid":{"rendered":"http:\/\/www.zahnarzt-zeller.de\/?page_id=22"},"modified":"2018-05-14T11:54:36","modified_gmt":"2018-05-14T09:54:36","slug":"datenschutzerklarung","status":"publish","type":"page","link":"https:\/\/www.zahnarzt-zeller.de\/?page_id=22","title":{"rendered":"Datenschutzerkl\u00e4rung"},"content":{"rendered":"<div>\nNachfolgend erhalten Sie Informationen \u00fcber die Erhebung personenbezogener Daten bei Nutzung unserer Internetseite. Zu den personenbezogene Daten geh\u00f6ren alle Daten, die auf Sie pers\u00f6nlich beziehbar sind (z.B. Name, Adresse, E-Mail-Adressen, Nutzerverhalten, IP- Adresse).<br \/>\n<\/ br><br \/>\n<strong>1. Wer ist in unserer Praxis f\u00fcr den Datenschutz verantwortlich?<\/strong><br \/>\nIn unserer Praxis ist f\u00fcr den Datenschutz verantwortlich und steht Ihnen bei Fragen zur Verf\u00fcgung:<\/p>\n<p><strong>Name: <\/strong>Dipl.-Stom. Cornelia Zeller<br \/>\n<strong>Adresse: <\/strong>\u00c4rztehaus am Diakonissenhaus, Georg-Schwarz-Str. 53, 04179 Leipzig<br \/>\n<strong>Telefon: <\/strong>03 41 4 41 62 61<br \/>\n<strong>Telefax: <\/strong>03 41 4 42 01 52<br \/>\n<strong>E-Mail: <\/strong><a href=\"mailto:info@zahnarzt-zeller.de\">info@zahnarzt-zeller.de<\/a><br \/>\n<\/ br><br \/>\n<\/ br><br \/>\n<strong>2. Welche personenbezogenen Daten erheben wir?<\/strong><br \/>\nWir erheben, speichern, nutzen, \u00fcbermitteln oder l\u00f6schen folgende personenbezogene Daten:<\/p>\n<li>Interessenten unserer Internetseite und Patienten unserer Praxis, die nat\u00fcrliche Personen sind<\/li>\n<li>Allen anderen nat\u00fcrlichen Personen, die in Kontakt mit unserer Praxis stehen (z.B. Be- vollm\u00e4chtigte von Patienten, Erziehungsberechtigte von Patienten, Mitarbeiter juristischer Personen, Besucher unserer Internetseite)<\/li>\n<p><\/ br><br \/>\nPersonenbezogenen Daten von Ihnen werden von uns erhoben, wenn Sie mit uns z.B. per E-Mail oder Telefon in Kontakt treten und einen Behandlungstermin ausmachen wollen.<\/ br><\/ br><\/p>\n<p>Folgende pers\u00f6nliche Daten verarbeiten wir:<\/p>\n<li>Pers\u00f6nliche Angaben (z.B. Vor- und Nachnamen, Adresse, Geburtsdatum und -ort, E-Mail-Adresse, Telefonnummer, Versicherungsstatus);<\/li>\n<li>Daten zu Ihrem Online-Verhalten und -pr\u00e4ferenzen (z.B. IP-Adressen, eindeutige Zuordnungsmerkmale mobiler Endger\u00e4te, Daten zu Ihren Besuchen auf unserer In- ternetseite, Endger\u00e4te, mit denen Sie unsere Internetseite besucht haben)<\/li>\n<p><\/ br><br \/>\nAngaben zu Kindern erheben wir nur dann, wenn diese durch die Erziehungsberechtigten in unserer Praxis als Patient vorgestellt werden.<\/p>\n<p><strong>3. Wer erh\u00e4lt ggf. Ihre personenbezogenen Daten \u00fcbermittelt?<\/strong><br \/>\nFalls einzelne Funktionen unserer Internetseite auf beauftragte Dienstleister zur\u00fcckgreifen, informieren wir Sie in Ziffer 5 dieser Datenschutzerkl\u00e4rung im Detail \u00fcber die jeweiligen Vorg\u00e4nge. Dabei nennen wir auch die festgelegten Kriterien der Speicherdauer.<br \/>\n<\/ br><br \/>\n<\/ br><br \/>\n<strong>4. Welchem Zweck dienen Ihre Daten und mit welcher Rechtfertigung d\u00fcrfen wir diese nutzen?<\/strong><br \/>\nWenn Sie unsere Internetseite ausschlie\u00dflich dazu nutzen, sich \u00fcber unsere Praxis zu infor- mieren, erheben wir nur die personenbezogenen Daten, die Ihr Browser an unseren Server \u00fcbermittelt. Wenn Sie unsere Website betrachten m\u00f6chten, erheben wir die folgenden Daten, die f\u00fcr uns technisch erforderlich sind, um Ihnen unsere Website anzuzeigen und die Stabili- t\u00e4t und Sicherheit zu gew\u00e4hrleisten (Rechtsgrundlage ist Art. 6 Abs. 1 S. 1 lit. f DSGVO):\t<\/p>\n<li>IP-Adresse<\/li>\n<li>Datum und Uhrzeit der Anfrage<\/li>\n<li>Zeitzonendifferenz zur Greenwich Mean Time (GMT)<\/li>\n<li>Inhalt der Anforderung (konkrete Seite)<\/li>\n<li>Zugriffsstatus\/HTTP-Statuscode<\/li>\n<li>eweils \u00fcbertragene Datenmenge<\/li>\n<li>Website, von der die Anforderung kommt<\/li>\n<li>Browser<\/li>\n<li>Betriebssystem und dessen Oberfl\u00e4che<\/li>\n<li>Sprache und Version der Browsersoftware.<\/li>\n<p><\/ br><br \/>\n<strong>Cookies<\/strong><br \/>\nZus\u00e4tzlich zu diesen Daten werden bei Ihrer Nutzung unserer Internetseite auch Cookies auf<br \/>\nIhrem Rechner gespeichert. Bei Cookies handelt es sich um kleine Textdateien, die auf Ihrer<br \/>\nFestplatte dem von Ihnen verwendeten Browser zugeordnet gespeichert werden und durch<br \/>\nwelche der Stelle, die den Cookie setzt (hier durch uns), bestimmte Informationen zuflie\u00dfen.<br \/>\nCookies k\u00f6nnen keine Programme ausf\u00fchren oder Viren auf Ihren Computer \u00fcbertragen. Sie<br \/>\ndienen dazu, das Internetangebot insgesamt nutzerfreundlicher und effektiver zu machen.<br \/>\n<\/ br><br \/>\nEinsatz von Cookies:<br \/>\n<\/ br><br \/>\na) Diese Website nutzt folgende Arten von Cookies, deren Umfang und Funktionsweise<br \/>\nim Folgenden erl\u00e4utert werden:<\/p>\n<li>Transiente Cookies (dazu b)<\/li>\n<li>Persistente Cookies (dazu c).<\/li>\n<p><\/ br><br \/>\nb) Transiente Cookies werden automatisiert gel\u00f6scht, wenn Sie den Browser schlie\u00dfen.<br \/>\nDazu z\u00e4hlen insbesondere die Session-Cookies. Diese speichern eine sogenannte<br \/>\nSession-ID, mit welcher sich verschiedene Anfragen Ihres Browsers der gemeinsamen Sitzung zuordnen lassen. Dadurch kann Ihr Rechner wiedererkannt werden,<br \/>\nwenn Sie auf unsere Website zur\u00fcckkehren. Die Session-Cookies werden gel\u00f6scht,<br \/>\nwenn Sie sich ausloggen oder den Browser schlie\u00dfen.<br \/>\n<\/ br><br \/>\nc) Persistente Cookies werden automatisiert nach einer vorgegebenen Dauer gel\u00f6scht,<br \/>\ndie sich je nach Cookie unterscheiden kann. Sie k\u00f6nnen die Cookies in den Sicherheitseinstellungen Ihres Browsers jederzeit l\u00f6schen.<br \/>\n<\/ br><br \/>\nd) Sie k\u00f6nnen Ihre Browser-Einstellung entsprechend Ihren W\u00fcnschen konfigurieren<br \/>\nund z. B. die Annahme von Third-Party-Cookies oder allen Cookies ablehnen. Wir<br \/>\nweisen Sie darauf hin, dass Sie eventuell nicht alle Funktionen dieser Website nutzen<br \/>\nk\u00f6nnen.<br \/>\n<\/ br><br \/>\nWollen Sie per E-Mail oder \u00fcber unser Kontaktformular einen Behandlungstermin vereinbaren oder eine Frage an uns richten, werden die von Ihnen mitgeteilten Daten (Ihre E-MailAdresse, ggf. Ihr Name und Ihre Telefonnummer) von uns gespeichert, um Ihnen einen Behandlungstermin zuweisen oder die Anfrage beantworten zu k\u00f6nnen. Die in diesem Zusammenhang anfallenden Daten l\u00f6schen wir, nachdem die Speicherung nicht mehr erforderlich<br \/>\nist, oder schr\u00e4nken die Verarbeitung ein, falls gesetzliche Aufbewahrungspflichten bestehen<br \/>\n(Rechtsgrundlage ist Art. 6 Abs. 1 S. 1 lit. b DSGVO).<br \/>\n<\/ br><br \/>\n<\/ br><br \/>\n<strong>Google Analytics<\/strong><br \/>\nDiese Website benutzt Google Analytics, einen Webanalysedienst der Google Inc.<br \/>\n(&#8222;Google&#8220;). Google Analytics verwendet sog. &#8222;Cookies&#8220;, Textdateien, die auf Ihrem Computer<br \/>\ngespeichert werden und die eine Analyse der Benutzung der Website durch Sie erm\u00f6glichen.<br \/>\n<\/ br><br \/>\nDie durch den Cookie erzeugten Informationen \u00fcber Ihre Benutzung dieser Website werden<br \/>\nin der Regel an einen Server von Google in den USA \u00fcbertragen und dort gespeichert.<br \/>\n<\/ br><br \/>\nIm Falle der Aktivierung der IP-Anonymisierung auf dieser Webseite wird Ihre IP-Adresse<br \/>\nvon Google jedoch innerhalb von Mitgliedstaaten der Europ\u00e4ischen Union oder in anderen<br \/>\nVertragsstaaten des Abkommens \u00fcber den Europ\u00e4ischen Wirtschaftsraum zuvor gek\u00fcrzt.<br \/>\nNur in Ausnahmef\u00e4llen wird die volle IP-Adresse an einen Server von Google in den USA<br \/>\n\u00fcbertragen und dort gek\u00fcrzt. Im Auftrag des Betreibers dieser Website wird Google diese<br \/>\nInformationen benutzen, um Ihre Nutzung der Website auszuwerten, um Reports \u00fcber die<br \/>\nWebsiteaktivit\u00e4ten zusammenzustellen und um weitere mit der Websitenutzung und der Internetnutzung verbundene Dienstleistungen gegen\u00fcber dem Websitebetreiber zu erbringen.<br \/>\nDie im Rahmen von Google Analytics von Ihrem Browser \u00fcbermittelte IP-Adresse wird nicht<br \/>\nmit anderen Daten von Google zusammengef\u00fchrt. Sie k\u00f6nnen die Speicherung der Cookies<br \/>\ndurch eine entsprechende Einstellung Ihrer Browser-Software verhindern; wir weisen Sie<br \/>\njedoch darauf hin, dass Sie in diesem Fall gegebenenfalls nicht s\u00e4mtliche Funktionen dieser<br \/>\nWebsite vollumf\u00e4nglich werden nutzen k\u00f6nnen. Sie k\u00f6nnen dar\u00fcber hinaus die Erfassung<br \/>\nder durch das Cookie erzeugten und auf Ihre Nutzung der Website bezogenen Daten (inkl.<br \/>\nIhrer IP-Adresse) an Google sowie die Verarbeitung dieser Daten durch Google verhindern,<br \/>\nindem sie das unter dem folgenden Link verf\u00fcgbare Browser-Plug-In herunterladen und installieren:<br \/>\n<a href=\"http:\/\/tools.google.com\/dlpage\/gaoptout?hl=de\" rel=\"noopener\" target=\"_blank\">http:\/\/tools.google.com\/dlpage\/gaoptout?hl=de<\/a>.<br \/>\n<\/ br><br \/>\n<\/ br><br \/>\n<strong>5. Welche Rechte haben Sie im Zusammenhang mit dem Datenschutz?<\/strong><br \/>\nSie haben gegen\u00fcber uns folgende Rechte hinsichtlich der Sie betreffenden personenbezo- genen Daten:<\/p>\n<li>Recht auf Auskunft,<\/li>\n<li>Recht auf Berichtigung oder L\u00f6schung,<\/li>\n<li>Recht auf Einschr\u00e4nkung der Verarbeitung,<\/li>\n<li>Recht auf Widerspruch gegen die Verarbeitung,<\/li>\n<li>Recht auf Daten\u00fcbertragbarkeit.<\/li>\n<p><\/ br><br \/>\n<\/ br><br \/>\n<strong>6. Wie k\u00f6nnen Sie sich ggf. beschweren?<\/strong><br \/>\nSie haben die M\u00f6glichkeit, sich mit einer Beschwerde im Zusammenhang mit der Datenver- arbeitung an die f\u00fcr uns zust\u00e4ndige Datenschutzaufsicht zu wenden:<br \/>\n<\/ br><br \/>\nDer S\u00e4chsische Datenschutzbeauftragte<br \/>\nBernhard-von-Lindenau-Platz 1<br \/>\n01067 Dresden\n<\/div>\n","protected":false},"excerpt":{"rendered":"<p>Nachfolgend erhalten Sie Informationen \u00fcber die Erhebung personenbezogener Daten bei Nutzung unserer Internetseite. Zu den personenbezogene Daten geh\u00f6ren alle Daten, die auf Sie pers\u00f6nlich beziehbar sind (z.B. Name, Adresse, E-Mail-Adressen, Nutzerverhalten, IP- Adresse). 1. Wer ist in unserer Praxis f\u00fcr &hellip; <a href=\"https:\/\/www.zahnarzt-zeller.de\/?page_id=22\">Weiterlesen <span class=\"meta-nav\">&rarr;<\/span><\/a><\/p>\n","protected":false},"author":1,"featured_media":0,"parent":0,"menu_order":10,"comment_status":"closed","ping_status":"open","template":"","meta":[],"_links":{"self":[{"href":"https:\/\/www.zahnarzt-zeller.de\/index.php?rest_route=\/wp\/v2\/pages\/22"}],"collection":[{"href":"https:\/\/www.zahnarzt-zeller.de\/index.php?rest_route=\/wp\/v2\/pages"}],"about":[{"href":"https:\/\/www.zahnarzt-zeller.de\/index.php?rest_route=\/wp\/v2\/types\/page"}],"author":[{"embeddable":true,"href":"https:\/\/www.zahnarzt-zeller.de\/index.php?rest_route=\/wp\/v2\/users\/1"}],"replies":[{"embeddable":true,"href":"https:\/\/www.zahnarzt-zeller.de\/index.php?rest_route=%2Fwp%2Fv2%2Fcomments&post=22"}],"version-history":[{"count":9,"href":"https:\/\/www.zahnarzt-zeller.de\/index.php?rest_route=\/wp\/v2\/pages\/22\/revisions"}],"predecessor-version":[{"id":658,"href":"https:\/\/www.zahnarzt-zeller.de\/index.php?rest_route=\/wp\/v2\/pages\/22\/revisions\/658"}],"wp:attachment":[{"href":"https:\/\/www.zahnarzt-zeller.de\/index.php?rest_route=%2Fwp%2Fv2%2Fmedia&parent=22"}],"curies":[{"name":"wp","href":"https:\/\/api.w.org\/{rel}","templated":true}]}}