{"id":25,"date":"2012-10-10T22:17:20","date_gmt":"2012-10-10T20:17:20","guid":{"rendered":"http:\/\/www.zahnarzt-zeller.de\/?page_id=25"},"modified":"2012-10-10T22:17:20","modified_gmt":"2012-10-10T20:17:20","slug":"impressum","status":"publish","type":"page","link":"https:\/\/www.zahnarzt-zeller.de\/?page_id=25","title":{"rendered":"Impressum"},"content":{"rendered":"<div id=\"text_links\"><strong>Anbieterkennzeichnung gem\u00e4\u00df \u00a75 TDG<\/strong><br \/>\nZahnarztpraxis Cornelia Zeller<br \/>\n\u00c4rztehaus am Diakonissenhaus<br \/>\nGeorg-Schwarz-Str. 53<br \/>\n04179 Leipzig<\/p>\n<p>Tel.(03 41) 4 41 62 61<br \/>\nFax.(03 41) 4 42 01 52<\/p>\n<p><a title=\"praxis-zeller@t-online.de\" href=\"mailto:praxis-zeller@t-online.de\">praxis-zeller@t-online.de<\/a><\/p>\n<p><strong>Gestaltung und Erstellung<\/strong><br \/>\nMichael Drotleff<br \/>\n<a href=\"http:\/\/wordpress.org\" title=\"http:\/\/wordpress.org\" target=\"_blank\">WordPress<\/a><\/p>\n<p>Vertretungsberechtigte und inhaltlich verantwortlich gem\u00e4\u00df \u00a7 5 Telemediengesetz (TMG): Dipl.-Stom Cornelia Zeller <\/p><\/div>\n<div id=\"text_rechts\"><strong>Berufsrechtliche Regelungen<\/strong><br \/>\nBerufsordnung f\u00fcr die Zahn\u00e4rzte im Freistaat Sachsen und Zahnheilkundegesetz<\/p>\n<p><strong>Berufsbezeichnung<\/strong><br \/>\nApprobation als Zahn\u00e4rztin, 1988 in Leipzig (Deutschland)<\/p>\n<p><strong>Aufsichtsbeh\u00f6rden<\/strong><br \/>\nLandeszahn\u00e4rztekammer Sachsen (LZKS) und Kassen\u00e4rztliche Vereinigung Sachsen (KZVS)<br \/>\nSch\u00fctzenh\u00f6he 11, 01099 Dresden<br \/>\n<a title=\"http:\/\/www.zahnaerzte-in-sachsen.de\/\" href=\"http:\/\/www.zahnaerzte-in-sachsen.de\/\" target=\"_blank\">http:\/\/www.zahnaerzte-in-sachsen.de\/<\/a><\/p>\n<p><strong>Haftungshinweis<\/strong><br \/>\nTrotz sorgf\u00e4ltiger inhaltlicher Kontrolle \u00fcbernehmen wir keine Haftung f\u00fcr die Inhalte externer Links.<br \/>\nF\u00fcr den Inhalt der verlinkten Seiten sind ausschlie\u00dflich deren Betreiber verantwortlich<\/p>\n<\/div>\n","protected":false},"excerpt":{"rendered":"<p>Anbieterkennzeichnung gem\u00e4\u00df \u00a75 TDG Zahnarztpraxis Cornelia Zeller \u00c4rztehaus am Diakonissenhaus Georg-Schwarz-Str. 53 04179 Leipzig Tel.(03 41) 4 41 62 61 Fax.(03 41) 4 42 01 52 praxis-zeller@t-online.de Gestaltung und Erstellung Michael Drotleff WordPress Vertretungsberechtigte und inhaltlich verantwortlich gem\u00e4\u00df \u00a7 5 &hellip; <a href=\"https:\/\/www.zahnarzt-zeller.de\/?page_id=25\">Weiterlesen <span class=\"meta-nav\">&rarr;<\/span><\/a><\/p>\n","protected":false},"author":1,"featured_media":0,"parent":0,"menu_order":11,"comment_status":"closed","ping_status":"open","template":"","meta":[],"_links":{"self":[{"href":"https:\/\/www.zahnarzt-zeller.de\/index.php?rest_route=\/wp\/v2\/pages\/25"}],"collection":[{"href":"https:\/\/www.zahnarzt-zeller.de\/index.php?rest_route=\/wp\/v2\/pages"}],"about":[{"href":"https:\/\/www.zahnarzt-zeller.de\/index.php?rest_route=\/wp\/v2\/types\/page"}],"author":[{"embeddable":true,"href":"https:\/\/www.zahnarzt-zeller.de\/index.php?rest_route=\/wp\/v2\/users\/1"}],"replies":[{"embeddable":true,"href":"https:\/\/www.zahnarzt-zeller.de\/index.php?rest_route=%2Fwp%2Fv2%2Fcomments&post=25"}],"version-history":[{"count":1,"href":"https:\/\/www.zahnarzt-zeller.de\/index.php?rest_route=\/wp\/v2\/pages\/25\/revisions"}],"predecessor-version":[{"id":26,"href":"https:\/\/www.zahnarzt-zeller.de\/index.php?rest_route=\/wp\/v2\/pages\/25\/revisions\/26"}],"wp:attachment":[{"href":"https:\/\/www.zahnarzt-zeller.de\/index.php?rest_route=%2Fwp%2Fv2%2Fmedia&parent=25"}],"curies":[{"name":"wp","href":"https:\/\/api.w.org\/{rel}","templated":true}]}}