{"id":49,"date":"2012-10-19T18:49:26","date_gmt":"2012-10-19T16:49:26","guid":{"rendered":"http:\/\/www.zahnarzt-zeller.de\/?page_id=49"},"modified":"2026-04-10T14:53:09","modified_gmt":"2026-04-10T12:53:09","slug":"termine","status":"publish","type":"page","link":"https:\/\/www.zahnarzt-zeller.de\/?page_id=49","title":{"rendered":"Termine"},"content":{"rendered":"\n<p><strong>n\u00e4chster Urlaub <\/strong><\/p>\n\n\n\n<p>30. April 2026<\/p>\n\n\n\n<p>13. &#8211; 24.07.2026<\/p>\n\n\n\n<p><strong>Vertretung: <\/strong><\/p>\n\n\n\n<p>ZAP Henry R\u00f6hrbein, Gro\u00dfmannstr. 12; Tel. 44 19 540<\/p>\n\n\n\n<p>sowie<\/p>\n\n\n\n<p>AllDent Zahnzentrum; Petersstr. 32-34 ; Tel 23 82 180<\/p>\n\n\n\n<p>Mo-Fr 7.00 -21.00 Uhr ; Samstag 8:00 &#8211; 20:00 Uhr<\/p>\n\n\n\n<p><strong>Notdienst : <\/strong>siehe Link Notfalldienst   www.zahnaerzte-in-sachsen.de<\/p>\n","protected":false},"excerpt":{"rendered":"<p>n\u00e4chster Urlaub 30. April 2026 13. &#8211; 24.07.2026 Vertretung: ZAP Henry R\u00f6hrbein, Gro\u00dfmannstr. 12; Tel. 44 19 540 sowie AllDent Zahnzentrum; Petersstr. 32-34 ; Tel 23 82 180 Mo-Fr 7.00 -21.00 Uhr ; Samstag 8:00 &#8211; 20:00 Uhr Notdienst : &hellip; <a href=\"https:\/\/www.zahnarzt-zeller.de\/?page_id=49\">Weiterlesen <span class=\"meta-nav\">&rarr;<\/span><\/a><\/p>\n","protected":false},"author":1,"featured_media":0,"parent":0,"menu_order":3,"comment_status":"closed","ping_status":"open","template":"","meta":[],"_links":{"self":[{"href":"https:\/\/www.zahnarzt-zeller.de\/index.php?rest_route=\/wp\/v2\/pages\/49"}],"collection":[{"href":"https:\/\/www.zahnarzt-zeller.de\/index.php?rest_route=\/wp\/v2\/pages"}],"about":[{"href":"https:\/\/www.zahnarzt-zeller.de\/index.php?rest_route=\/wp\/v2\/types\/page"}],"author":[{"embeddable":true,"href":"https:\/\/www.zahnarzt-zeller.de\/index.php?rest_route=\/wp\/v2\/users\/1"}],"replies":[{"embeddable":true,"href":"https:\/\/www.zahnarzt-zeller.de\/index.php?rest_route=%2Fwp%2Fv2%2Fcomments&post=49"}],"version-history":[{"count":258,"href":"https:\/\/www.zahnarzt-zeller.de\/index.php?rest_route=\/wp\/v2\/pages\/49\/revisions"}],"predecessor-version":[{"id":1431,"href":"https:\/\/www.zahnarzt-zeller.de\/index.php?rest_route=\/wp\/v2\/pages\/49\/revisions\/1431"}],"wp:attachment":[{"href":"https:\/\/www.zahnarzt-zeller.de\/index.php?rest_route=%2Fwp%2Fv2%2Fmedia&parent=49"}],"curies":[{"name":"wp","href":"https:\/\/api.w.org\/{rel}","templated":true}]}}